{"id":3,"date":"2025-03-12T22:17:52","date_gmt":"2025-03-12T22:17:52","guid":{"rendered":"http:\/\/bozani.org\/?page_id=3"},"modified":"2025-03-13T21:05:08","modified_gmt":"2025-03-13T21:05:08","slug":"privacy-policy","status":"publish","type":"page","link":"https:\/\/bozani.org\/kmr\/privacy-policy\/","title":{"rendered":"Siyaseta Nepen\u00eetiy\u00ea"},"content":{"rendered":"<p><strong>P\u00ea\u015fek\u00ee<\/strong><br>Spas ji bo serdana malpera Xeyr\u00ee Bozan\u00ee. Em gir\u00eengiy\u00ea didin parastina nepen\u00eetiya we \u00fb em pabend in bi parastina neh\u00eaniya agahiy\u00ean we y\u00ean kesane. Ev siyaset ron\u00ee dike ka em \u00e7awa agahiyan kom dikin, bi kar t\u00eenin \u00fb dipar\u00eazin dema h\u00fbn v\u00ea malper\u00ea bi kar t\u00eenin.<\/p>\n\n\n\n<p><strong>Komkirina Agahiyan<\/strong><br>Dibe ku em agahiy\u00ean kesane kom bikin dema h\u00fbn serdana malpera me dikin, di nav de:<\/p>\n\n\n\n<ul class=\"wp-block-list\">\n<li>Agahiy\u00ean ku h\u00fbn didin dema dagirtina forman (wek nav \u00fb e-name).<\/li>\n\n\n\n<li>Daney\u00ean ku bixweber t\u00eane komkirin bi r\u00eaya (Cookies) an teknolojiy\u00ean din \u00ean \u015fopandin\u00ea.<\/li>\n<\/ul>\n\n\n\n<p><strong>Bikaran\u00eena Agahiyan<\/strong><br>Em agahiy\u00ean ku kom dikin ji bo van armancan bi kar t\u00eenin:<\/p>\n\n\n\n<ul class=\"wp-block-list\">\n<li>Ba\u015fkirina ezm\u00fbna bikarh\u00eaner \u00fb p\u00ea\u015fxistina malper\u00ea.<\/li>\n\n\n\n<li>T\u00eakiliya bi we re ji bo bersivdana pirs\u00ean we an \u015fandina n\u00fbkariyan.<\/li>\n\n\n\n<li>Pabendb\u00fbna bi daxwaz\u00ean yasay\u00ee \u00fb r\u00eaziknameyan.<\/li>\n<\/ul>\n\n\n\n<p><strong>Parastina Agahiyan<\/strong><br>Em r\u00eakar\u00ean ewlehiy\u00ea y\u00ean guncaw p\u00eak t\u00eenin ji bo parastina agahiy\u00ean we ji gih\u00ee\u015ftina nedest\u00fbr, bikaran\u00eena neyasay\u00ee an e\u015fkerekirina nedest\u00fbr.<\/p>\n\n\n\n<p><strong>Cookies<\/strong><br>Dibe ku malpera me \u00e7erezan (cookies) bi kar b\u00eene ji bo ba\u015fkirina ezm\u00fbna gera we. H\u00fbn dikarin m\u00eeheng\u00ean geroka xwe biguher\u00eenin da ku \u00e7erezan ne\u00e7alak bikin heger h\u00fbn bixwazin.<\/p>\n\n\n\n<p><strong>Parvekirina Agahiyan<\/strong><br>Em agahiy\u00ean we y\u00ean kesane nafiro\u015fin \u00fb bi aliy\u00ean s\u00eayem\u00een re parve nakin, ji bil\u00ee van haletan:<\/p>\n\n\n\n<ul class=\"wp-block-list\">\n<li>Heger p\u00eaw\u00eest be ji bo pabendb\u00fbna bi yasay\u00ea an li ser daxwaza aliy\u00ean ferm\u00ee.<\/li>\n\n\n\n<li>Di haleta heb\u00fbna hevbe\u015fiy\u00ea ligel aliy\u00ean p\u00eabawer ku li ser nav\u00ea me xizmetguzariyan p\u00ea\u015fk\u00ea\u015f dikin.<\/li>\n<\/ul>\n\n\n\n<p><strong>Maf\u00ean Bikarh\u00eaneran<\/strong><br>Maf\u00ea we heye ku:<\/p>\n\n\n\n<ul class=\"wp-block-list\">\n<li>Daxwaza gih\u00ee\u015ftina wan agahiy\u00ean kesane bikin ku em derbar\u00ea we de dipar\u00eazin.<\/li>\n\n\n\n<li>Daxwaza rastkirin an j\u00eabirina daney\u00ean xwe bikin dema p\u00eaw\u00eest be.<\/li>\n\n\n\n<li>Neraz\u00eeb\u00fbn\u00ea n\u00ee\u015fan bidin li ser proseya daney\u00ean xwe di hin haletan de.<\/li>\n<\/ul>\n\n\n\n<p><strong>Guhertin\u00ean di Siyaseta Nepen\u00eetiy\u00ea de<\/strong><br>Dibe ku em dem bi dem v\u00ea Siyaseta Nepen\u00eetiy\u00ea n\u00fb bikin, \u00fb em \u00ea n\u00fbkariyan li ser v\u00ea r\u00fbpel\u00ea belav bikin. Em p\u00ea\u015fniyar dikin ku h\u00fbn v\u00ea siyaset\u00ea bi awayek\u00ee demk\u00ee bib\u00eenin.<\/p>\n\n\n\n<p><strong>T\u00eakil\u00ee bi me re<\/strong><br>Heger pirs\u00ean we derbar\u00ea Siyaseta Nepen\u00eetiy\u00ea de hebin, h\u00fbn dikarin bi r\u00eaya e-namey\u00ea bi me re t\u00eakil\u00ee deynin: info@bozani.org<\/p>","protected":false},"excerpt":{"rendered":"<p>1. \u0627\u0644\u0645\u0642\u062f\u0645\u0629\u0646\u0634\u0643\u0631\u0643\u0645 \u0639\u0644\u0649 \u0632\u064a\u0627\u0631\u0629 \u0645\u0648\u0642\u0639 \u062e\u064a\u0631\u064a \u0628\u0648\u0632\u0627\u0646\u064a. \u0646\u062d\u0646 \u0646\u062d\u0631\u0635 \u0639\u0644\u0649 \u062d\u0645\u0627\u064a\u0629 \u062e\u0635\u0648\u0635\u064a\u062a\u0643\u0645 \u0648\u0646\u0644\u062a\u0632\u0645 \u0628\u0627\u0644\u062d\u0641\u0627\u0638 \u0639\u0644\u0649 \u0633\u0631\u064a\u0629 \u0645\u0639\u0644\u0648\u0645\u0627\u062a\u0643\u0645 \u0627\u0644\u0634\u062e\u0635\u064a\u0629. \u062a\u0648\u0636\u062d \u0647\u0630\u0647 \u0627\u0644\u0633\u064a\u0627\u0633\u0629 \u0643\u064a\u0641\u064a\u0629 \u062c\u0645\u0639 \u0627\u0644\u0645\u0639\u0644\u0648\u0645\u0627\u062a \u0648\u0627\u0633\u062a\u062e\u062f\u0627\u0645\u0647\u0627 \u0648\u062d\u0645\u0627\u064a\u062a\u0647\u0627 \u0639\u0646\u062f \u0627\u0633\u062a\u062e\u062f\u0627\u0645\u0643\u0645 \u0644\u0647\u0630\u0627 \u0627\u0644\u0645\u0648\u0642\u0639. 2. \u062c\u0645\u0639 \u0627\u0644\u0645\u0639\u0644\u0648\u0645\u0627\u062a\u0642\u062f \u0646\u0642\u0648\u0645 \u0628\u062c\u0645\u0639 \u0645\u0639\u0644\u0648\u0645\u0627\u062a \u0634\u062e\u0635\u064a\u0629 \u0639\u0646\u062f \u0632\u064a\u0627\u0631\u062a\u0643\u0645 \u0644\u0645\u0648\u0642\u0639\u0646\u0627\u060c \u0628\u0645\u0627 \u0641\u064a \u0630\u0644\u0643: 3. \u0627\u0633\u062a\u062e\u062f\u0627\u0645 \u0627\u0644\u0645\u0639\u0644\u0648\u0645\u0627\u062a\u0646\u0633\u062a\u062e\u062f\u0645 \u0627\u0644\u0645\u0639\u0644\u0648\u0645\u0627\u062a \u0627\u0644\u062a\u064a \u0646\u062c\u0645\u0639\u0647\u0627 \u0644\u0644\u0623\u063a\u0631\u0627\u0636 \u0627\u0644\u062a\u0627\u0644\u064a\u0629: 4. \u062d\u0645\u0627\u064a\u0629 \u0627\u0644\u0645\u0639\u0644\u0648\u0645\u0627\u062a\u0646\u062d\u0646 \u0646\u0637\u0628\u0642 [&hellip;]<\/p>","protected":false},"author":1,"featured_media":0,"parent":0,"menu_order":0,"comment_status":"closed","ping_status":"open","template":"","meta":{"footnotes":""},"class_list":["post-3","page","type-page","status-publish"],"_links":{"self":[{"href":"https:\/\/bozani.org\/kmr\/wp-json\/wp\/v2\/pages\/3","targetHints":{"allow":["GET"]}}],"collection":[{"href":"https:\/\/bozani.org\/kmr\/wp-json\/wp\/v2\/pages"}],"about":[{"href":"https:\/\/bozani.org\/kmr\/wp-json\/wp\/v2\/types\/page"}],"author":[{"embeddable":true,"href":"https:\/\/bozani.org\/kmr\/wp-json\/wp\/v2\/users\/1"}],"replies":[{"embeddable":true,"href":"https:\/\/bozani.org\/kmr\/wp-json\/wp\/v2\/comments?post=3"}],"version-history":[{"count":1,"href":"https:\/\/bozani.org\/kmr\/wp-json\/wp\/v2\/pages\/3\/revisions"}],"predecessor-version":[{"id":401,"href":"https:\/\/bozani.org\/kmr\/wp-json\/wp\/v2\/pages\/3\/revisions\/401"}],"wp:attachment":[{"href":"https:\/\/bozani.org\/kmr\/wp-json\/wp\/v2\/media?parent=3"}],"curies":[{"name":"wp","href":"https:\/\/api.w.org\/{rel}","templated":true}]}}